{"id":60,"date":"2025-06-17T14:15:15","date_gmt":"2025-06-17T12:15:15","guid":{"rendered":"https:\/\/neoux.fr\/?page_id=60"},"modified":"2025-11-17T14:57:24","modified_gmt":"2025-11-17T13:57:24","slug":"maison-dassistantes-maternelles","status":"publish","type":"page","link":"https:\/\/neoux.fr\/index.php\/jeunesse-vie-scolaire\/maison-dassistantes-maternelles\/","title":{"rendered":"Maison d&rsquo;Assistantes Maternelles"},"content":{"rendered":"<div class=\"free align wp-block-bicb-carousel\" id='bicbCarousel-1' data-attributes='{&quot;carousels&quot;:[{&quot;image&quot;:{&quot;id&quot;:79,&quot;url&quot;:&quot;https:\\\/\\\/neoux.fr\\\/wp-content\\\/uploads\\\/2025\\\/06\\\/IMG_0488-scaled.jpg&quot;,&quot;alt&quot;:&quot;&quot;,&quot;title&quot;:&quot;IMG_0488&quot;,&quot;caption&quot;:&quot;&quot;},&quot;action&quot;:&quot;none&quot;,&quot;link&quot;:&quot;&quot;,&quot;caption&quot;:&quot;LightCrimson&quot;},{&quot;image&quot;:{&quot;id&quot;:78,&quot;url&quot;:&quot;https:\\\/\\\/neoux.fr\\\/wp-content\\\/uploads\\\/2025\\\/06\\\/IMG_0489-scaled.jpg&quot;,&quot;alt&quot;:&quot;&quot;,&quot;title&quot;:&quot;IMG_0489&quot;,&quot;caption&quot;:&quot;&quot;},&quot;action&quot;:&quot;none&quot;,&quot;link&quot;:&quot;&quot;,&quot;caption&quot;:&quot;Green (Crayola)&quot;},{&quot;image&quot;:{&quot;id&quot;:76,&quot;url&quot;:&quot;https:\\\/\\\/neoux.fr\\\/wp-content\\\/uploads\\\/2025\\\/06\\\/IMG_0491-scaled.jpg&quot;,&quot;alt&quot;:&quot;&quot;,&quot;title&quot;:&quot;IMG_0491&quot;,&quot;caption&quot;:&quot;&quot;},&quot;action&quot;:&quot;none&quot;,&quot;link&quot;:&quot;&quot;,&quot;caption&quot;:&quot;Azure&quot;},{&quot;image&quot;:{&quot;id&quot;:75,&quot;url&quot;:&quot;https:\\\/\\\/neoux.fr\\\/wp-content\\\/uploads\\\/2025\\\/06\\\/image0000011.jpg&quot;,&quot;alt&quot;:&quot;&quot;,&quot;title&quot;:&quot;image0000011&quot;,&quot;caption&quot;:&quot;&quot;},&quot;action&quot;:&quot;none&quot;,&quot;link&quot;:&quot;&quot;,&quot;caption&quot;:&quot;Deep Saffron&quot;},{&quot;image&quot;:{&quot;id&quot;:77,&quot;url&quot;:&quot;https:\\\/\\\/neoux.fr\\\/wp-content\\\/uploads\\\/2025\\\/06\\\/IMG_0496-scaled.jpg&quot;,&quot;alt&quot;:&quot;&quot;,&quot;title&quot;:&quot;IMG_0496&quot;,&quot;caption&quot;:&quot;&quot;},&quot;action&quot;:&quot;none&quot;,&quot;link&quot;:&quot;&quot;,&quot;caption&quot;:&quot;Maximum Blue Purple&quot;},{&quot;image&quot;:{&quot;id&quot;:80,&quot;url&quot;:&quot;https:\\\/\\\/neoux.fr\\\/wp-content\\\/uploads\\\/2025\\\/06\\\/IMG_0500-scaled.jpg&quot;,&quot;alt&quot;:&quot;&quot;,&quot;title&quot;:&quot;IMG_0500&quot;,&quot;caption&quot;:&quot;&quot;},&quot;action&quot;:&quot;none&quot;,&quot;link&quot;:&quot;&quot;,&quot;caption&quot;:&quot;&quot;},{&quot;image&quot;:{&quot;id&quot;:346,&quot;url&quot;:&quot;https:\\\/\\\/neoux.fr\\\/wp-content\\\/uploads\\\/2025\\\/10\\\/FB_IMG_1761903183362.jpg&quot;,&quot;alt&quot;:&quot;&quot;,&quot;title&quot;:&quot;FB_IMG_1761903183362&quot;,&quot;caption&quot;:&quot;&quot;},&quot;action&quot;:&quot;none&quot;,&quot;link&quot;:&quot;&quot;,&quot;caption&quot;:&quot;&quot;}],&quot;align&quot;:&quot;&quot;,&quot;layout&quot;:&quot;&quot;,&quot;width&quot;:{&quot;desktop&quot;:&quot;100%&quot;,&quot;tablet&quot;:&quot;100%&quot;,&quot;mobile&quot;:&quot;100%&quot;},&quot;height&quot;:{&quot;desktop&quot;:&quot;&quot;,&quot;tablet&quot;:&quot;&quot;,&quot;mobile&quot;:&quot;&quot;},&quot;elements&quot;:{&quot;linkNewTab&quot;:false,&quot;linkOn&quot;:&quot;image&quot;},&quot;alignment&quot;:&quot;center&quot;,&quot;carouselOptions&quot;:{&quot;columns&quot;:{&quot;desktop&quot;:3,&quot;tablet&quot;:2,&quot;mobile&quot;:1},&quot;columnGap&quot;:30,&quot;rows&quot;:{&quot;desktop&quot;:3},&quot;rowGap&quot;:5,&quot;rowHeights&quot;:[&quot;200px&quot;,&quot;240px&quot;,&quot;180px&quot;],&quot;isLoop&quot;:true,&quot;allowTouchMove&quot;:false,&quot;speed&quot;:1.5,&quot;scrollSpeed&quot;:40,&quot;autoplayOptions&quot;:{&quot;enabled&quot;:true,&quot;delay&quot;:1.5,&quot;disableOnInteraction&quot;:false,&quot;reverseDirection&quot;:false,&quot;pauseOnMouseEnter&quot;:false,&quot;stopOnLastSlide&quot;:false},&quot;freeMode&quot;:{&quot;enabled&quot;:false,&quot;sticky&quot;:false},&quot;effect&quot;:&quot;slide&quot;,&quot;mousewheel&quot;:{&quot;enabled&quot;:false},&quot;pagination&quot;:{&quot;inTablet&quot;:true,&quot;inMobile&quot;:true,&quot;clickable&quot;:true,&quot;dynamicBullets&quot;:false,&quot;border&quot;:[]},&quot;navigation&quot;:{&quot;inTablet&quot;:true,&quot;inMobile&quot;:true}},&quot;background&quot;:{&quot;color&quot;:&quot;#0000&quot;},&quot;padding&quot;:{&quot;vertical&quot;:&quot;30px&quot;,&quot;horizontal&quot;:&quot;10px&quot;},&quot;isPage&quot;:true,&quot;pageSize&quot;:&quot;12px&quot;,&quot;pageColor&quot;:&quot;#146ef5&quot;,&quot;isPrevNext&quot;:true,&quot;prevNextSize&quot;:&quot;25px&quot;,&quot;prevNextColor&quot;:&quot;#fff&quot;,&quot;image&quot;:{&quot;width&quot;:&quot;100%&quot;},&quot;caption&quot;:{&quot;display&quot;:&quot;none&quot;,&quot;position&quot;:&quot;onImage&quot;,&quot;verticalAlign&quot;:&quot;bottom&quot;,&quot;typo&quot;:{&quot;fontSize&quot;:{&quot;desktop&quot;:16,&quot;tablet&quot;:15,&quot;mobile&quot;:15}},&quot;textAlign&quot;:&quot;left&quot;,&quot;colors&quot;:{&quot;color&quot;:&quot;#fff&quot;,&quot;bg&quot;:&quot;#0000&quot;},&quot;overlay&quot;:{&quot;type&quot;:&quot;gradient&quot;,&quot;gradient&quot;:&quot;linear-gradient(0deg, #000 0%, #0000 50%, #0000 100%)&quot;},&quot;padding&quot;:{&quot;top&quot;:&quot;5px&quot;,&quot;right&quot;:&quot;8px&quot;,&quot;bottom&quot;:&quot;5px&quot;,&quot;left&quot;:&quot;8px&quot;}}}'><\/div>\n\n\n<p><strong><em>L&rsquo;\u00eele aux fripouilles<\/em><\/strong> est une maison d&rsquo;assistantes maternelles install\u00e9e sur la commune depuis juin 2024. Delphine et St\u00e9phanie, les assistantes maternelles, peuvent accueillir jusqu&rsquo;\u00e0 8 enfants. La MAM est situ\u00e9 en plein c\u0153ur du village. <\/p>\n\n\n\n<p>Vous pouvez les contacter au 06.80.87.09.41 ou au 06.77.44.14.22<\/p>\n\n\n\n<figure class=\"wp-block-image size-large\"><img loading=\"lazy\" decoding=\"async\" width=\"726\" height=\"1024\" src=\"https:\/\/neoux.fr\/wp-content\/uploads\/2025\/11\/Invitation-Fete-Marche-Noel-dessin-726x1024.png\" alt=\"\" class=\"wp-image-356\" srcset=\"https:\/\/neoux.fr\/wp-content\/uploads\/2025\/11\/Invitation-Fete-Marche-Noel-dessin-726x1024.png 726w, https:\/\/neoux.fr\/wp-content\/uploads\/2025\/11\/Invitation-Fete-Marche-Noel-dessin-213x300.png 213w, https:\/\/neoux.fr\/wp-content\/uploads\/2025\/11\/Invitation-Fete-Marche-Noel-dessin-768x1083.png 768w, https:\/\/neoux.fr\/wp-content\/uploads\/2025\/11\/Invitation-Fete-Marche-Noel-dessin-1090x1536.png 1090w, https:\/\/neoux.fr\/wp-content\/uploads\/2025\/11\/Invitation-Fete-Marche-Noel-dessin.png 1240w\" sizes=\"auto, (max-width: 726px) 100vw, 726px\" \/><\/figure>\n","protected":false},"excerpt":{"rendered":"<p>L&rsquo;\u00eele aux fripouilles est une maison d&rsquo;assistantes maternelles install\u00e9e sur la commune depuis juin 2024. Delphine et St\u00e9phanie, les assistantes<\/p>\n","protected":false},"author":1,"featured_media":0,"parent":55,"menu_order":0,"comment_status":"closed","ping_status":"closed","template":"","meta":{"colormag_page_container_layout":"default_layout","colormag_page_sidebar_layout":"default_layout","_kadence_starter_templates_imported_post":false,"footnotes":""},"class_list":["post-60","page","type-page","status-publish","hentry"],"_links":{"self":[{"href":"https:\/\/neoux.fr\/index.php\/wp-json\/wp\/v2\/pages\/60","targetHints":{"allow":["GET"]}}],"collection":[{"href":"https:\/\/neoux.fr\/index.php\/wp-json\/wp\/v2\/pages"}],"about":[{"href":"https:\/\/neoux.fr\/index.php\/wp-json\/wp\/v2\/types\/page"}],"author":[{"embeddable":true,"href":"https:\/\/neoux.fr\/index.php\/wp-json\/wp\/v2\/users\/1"}],"replies":[{"embeddable":true,"href":"https:\/\/neoux.fr\/index.php\/wp-json\/wp\/v2\/comments?post=60"}],"version-history":[{"count":7,"href":"https:\/\/neoux.fr\/index.php\/wp-json\/wp\/v2\/pages\/60\/revisions"}],"predecessor-version":[{"id":361,"href":"https:\/\/neoux.fr\/index.php\/wp-json\/wp\/v2\/pages\/60\/revisions\/361"}],"up":[{"embeddable":true,"href":"https:\/\/neoux.fr\/index.php\/wp-json\/wp\/v2\/pages\/55"}],"wp:attachment":[{"href":"https:\/\/neoux.fr\/index.php\/wp-json\/wp\/v2\/media?parent=60"}],"curies":[{"name":"wp","href":"https:\/\/api.w.org\/{rel}","templated":true}]}}